{"id":2,"date":"2018-01-01T00:00:47","date_gmt":"2018-01-01T08:00:47","guid":{"rendered":"http:\/\/ffmm.com.mx\/forefront\/?page_id=2"},"modified":"2018-04-05T13:48:38","modified_gmt":"2018-04-05T21:48:38","slug":"empresa","status":"publish","type":"page","link":"http:\/\/ffmm.com.mx\/forefront\/empresa","title":{"rendered":"Empresa"},"content":{"rendered":"<section class=\"wpb-content-wrapper\"><p>[vc_row][vc_column][vc_empty_space height=\u00bb150px\u00bb][\/vc_column][\/vc_row][vc_row][vc_column][vc_column_text]<strong>Forefront \u00a0Medica\u00a0 M\u00e9xico,\u00a0 S.A.\u00a0 de\u00a0 C.V.\u00a0<\/strong> es\u00a0 una\u00a0 empresa \u00a0joven\u00a0 que inicia actividades\u00a0 en \u00a0el\u00a0 a\u00f1o 2006 y que gracias a su desempe\u00f1o \u00a0y \u00a0dedicaci\u00f3n ha logrado colocarse en poco tiempo dentro los distribuidores de preferencia de importantes instituciones p\u00fablicas y privadas del sector hospitalario.<\/p>\n<p>Somos una empresa dedicada a la distribuci\u00f3n exclusiva de productos de vanguardia y alta tecnolog\u00eda m\u00e9dica, de alta especialidad en neurocirug\u00eda, maxilofacial, cirug\u00eda pl\u00e1stica, y ortopedia (columna vertebral); de marcas de prestigio y \u00fanicas en el mercado como son:<\/p>\n<ul>\n<li>Medtronic Midas Rex<\/li>\n<li>Medtronic Neurosurgery<\/li>\n<li>Biomet<\/li>\n<li>Soring<\/li>\n<\/ul>\n<p>y toda la gama de productos de Titanio y re absorbibles de W.Lorenz.<\/p>\n<p>&nbsp;<\/p>\n<p><strong>Forefront Medica M\u00e9xico<\/strong> comprometido con Usted, pone a su disposici\u00f3n la gran variedad de Insumos de alta especialidad M\u00e9dica, V\u00e1lvulas para Hidrocefalia, Material de Osteosintesis en Cirug\u00eda Craneofacial, Instrumental Medico, Quir\u00fargico y \u00a0Ortop\u00e9dico.<\/p>\n<div id=\"columns-wrapper\">Venta y renta de equipos medicos de alta especialidad como Aspirador Ultras\u00f3nico, Coagulador de Plasma en Fr\u00edo, Sistema de fresado Midas Rex, Neuronavegador Medtronic y Microsc\u00f3pio Quirurgico.<\/div>\n<div>.<\/div>\n<div><\/div>\n<p>Tenemos a su disposici\u00f3n el Sistema\u00a0<strong><em>Midas Rex Legend Gold\u00ae neum\u00e1tico y Midas Rex Legend EHS\u00ae el\u00e9ctrico<\/em>,<\/strong>\u00a0para instituciones p\u00fablicas y privadas as\u00ed como toda la gama de Instrumentos de disecci\u00f3n (fresas) para cirug\u00edas de:<\/p>\n<ul>\n<li>Neurocirug\u00eda.<\/li>\n<li>Columna Vertebral.<\/li>\n<li>Otorrinolaringolog\u00eda (ORL).<\/li>\n<li>Cirug\u00eda Ortop\u00e9dica.<\/li>\n<li>Cirug\u00eda General y Pl\u00e1stica, incluyendo Maxilofacial, Craneotom\u00eda, craneofacial y estereotom\u00eda.<\/li>\n<\/ul>\n<p>Contando con asistencia t\u00e9cnica especializada en procedimientos de Craneotom\u00edas y Cirug\u00edas de columna, as\u00ed como el respaldo de M\u00e9dicos Neurocirujanos de gran trayectoria que avalan nuestros productos.<\/p>\n<h3><strong>Contamos con asistencia a todo el interior del pa\u00eds con la responsabilidad de estar en tiempo y forma.<\/strong><\/h3>\n<p>[\/vc_column_text][\/vc_column][\/vc_row]<\/p>\n<\/section>","protected":false},"excerpt":{"rendered":"<p>[vc_row][vc_column][vc_empty_space height=\u00bb150px\u00bb][\/vc_column][\/vc_row][vc_row][vc_column][vc_column_text]Forefront \u00a0Medica\u00a0 M\u00e9xico,\u00a0 S.A.\u00a0 de\u00a0 C.V.\u00a0 es\u00a0 una\u00a0 empresa \u00a0joven\u00a0 que inicia actividades\u00a0 en \u00a0el\u00a0 a\u00f1o 2006 y que gracias a su desempe\u00f1o \u00a0y \u00a0dedicaci\u00f3n ha logrado colocarse en poco tiempo&#8230;<\/p>\n","protected":false},"author":5,"featured_media":0,"parent":0,"menu_order":0,"comment_status":"closed","ping_status":"closed","template":"","meta":[],"_links":{"self":[{"href":"http:\/\/ffmm.com.mx\/forefront\/wp-json\/wp\/v2\/pages\/2"}],"collection":[{"href":"http:\/\/ffmm.com.mx\/forefront\/wp-json\/wp\/v2\/pages"}],"about":[{"href":"http:\/\/ffmm.com.mx\/forefront\/wp-json\/wp\/v2\/types\/page"}],"author":[{"embeddable":true,"href":"http:\/\/ffmm.com.mx\/forefront\/wp-json\/wp\/v2\/users\/5"}],"replies":[{"embeddable":true,"href":"http:\/\/ffmm.com.mx\/forefront\/wp-json\/wp\/v2\/comments?post=2"}],"version-history":[{"count":9,"href":"http:\/\/ffmm.com.mx\/forefront\/wp-json\/wp\/v2\/pages\/2\/revisions"}],"predecessor-version":[{"id":913,"href":"http:\/\/ffmm.com.mx\/forefront\/wp-json\/wp\/v2\/pages\/2\/revisions\/913"}],"wp:attachment":[{"href":"http:\/\/ffmm.com.mx\/forefront\/wp-json\/wp\/v2\/media?parent=2"}],"curies":[{"name":"wp","href":"https:\/\/api.w.org\/{rel}","templated":true}]}}