{"id":267,"date":"2017-01-31T10:27:23","date_gmt":"2017-01-31T18:27:23","guid":{"rendered":"http:\/\/demo.qodearena.com\/projects\/corpbootwp\/?page_id=267"},"modified":"2023-09-07T09:22:37","modified_gmt":"2023-09-07T17:22:37","slug":"inicio","status":"publish","type":"page","link":"http:\/\/ffmm.com.mx\/forefront\/","title":{"rendered":"Inicio"},"content":{"rendered":"<section class=\"wpb-content-wrapper\"><p>[vc_row full_width=\u00bbstretch_row_content_no_spaces\u00bb][vc_column][corpboot_content_slider style_slider=\u00bbmodern\u00bb][corpboot_content_slider_item style_sliders=\u00bbmodern\u00bb subtitle=\u00bbBIENVENIDO A\u00bb icon_type=\u00bbflaticon\u00bb icon_flaticon=\u00bb\u00bb image=\u00bb858&#8243; title=\u00bb<strong>Forefront Medica M\u00e9xico<\/strong>\u00ab]Empresa l\u00edder en mercado de servicios integrales y neuroquir\u00fargicos a nivel nacional[\/corpboot_content_slider_item][corpboot_content_slider_item style_sliders=\u00bbmodern\u00bb subtitle=\u00bbContamos con la certificaci\u00f3n ISO 9001:2015&#8243; image=\u00bb1125&#8243; button=\u00bburl:http%3A%2F%2Fffmm.com.mx%2Fforefront%2Fcertificacion|title:Certificaci%C3%B3n||\u00bb icon=\u00bbfa fa-search\u00bb][\/corpboot_content_slider_item][\/corpboot_content_slider][\/vc_column][\/vc_row][vc_row large_desctop_pt=\u00bbpadding-lg-60t\u00bb large_desctop_pb=\u00bbpadding-lg-60b\u00bb desctop_pt=\u00bbpadding-md-60t\u00bb desctop_pb=\u00bbpadding-md-60b\u00bb tablets_pt=\u00bbpadding-sm-60t\u00bb tablets_pb=\u00bbpadding-sm-60b\u00bb mobile_pt=\u00bbpadding-xs-60t\u00bb mobile_pb=\u00bbpadding-xs-60b\u00bb][vc_column css_animation=\u00bbfadeIn\u00bb width=\u00bb1\/2&#8243; offset=\u00bbvc_col-lg-3 vc_col-md-3&#8243;][corpboot_icon_text text=\u00bbEstamos certificados en los servicios integrales para la alta especialidad neurocirug\u00eda y columna. Contamos con una amplia asistencia t\u00e9cnica de instrumentistas especializados en quir\u00f3fano y con una gran variedad de equipos e instrumental de vanguardia. Nuestro servicio abarca toda la rep\u00fablica mexicana los 365 d\u00edas del a\u00f1o las 24 horas del d\u00eda.\u00bb title=\u00bbPROFESIONALES\u00bb icon=\u00bbfa fa-user-md\u00bb][\/vc_column][vc_column css_animation=\u00bbfadeInDown\u00bb width=\u00bb1\/2&#8243; offset=\u00bbvc_col-lg-3 vc_col-md-3&#8243;][corpboot_icon_text text=\u00bbSomos una empresa en la que la prioridad n\u00famero uno son nuestros clientes, brindando siempre el mejor servicio y atenci\u00f3n, en forma personalizada y oportuna aclarando siempre cualquier duda o situaci\u00f3n que se presente de forma integral y responsable.\u00bb title=\u00bbRESPONSABILIDAD\u00bb icon=\u00bbfa fa-heart\u00bb][\/vc_column][vc_column css_animation=\u00bbfadeInUp\u00bb width=\u00bb1\/2&#8243; offset=\u00bbvc_col-lg-3 vc_col-md-3&#8243;][corpboot_icon_text text=\u00bbEmpresa cien por ciento leal a sus clientes y proveedores a largo plazo, con comunicaci\u00f3n personalizada y oportuna a cualquier necesidad, teniendo siempre en mente realizar de una manera \u00edntegra los servicios que se prestan.\u00bb title=\u00bbCOMUNICACI\u00d3N\u00bb icon=\u00bbfa fa-comments\u00bb][\/vc_column][vc_column css_animation=\u00bbslideInDown\u00bb width=\u00bb1\/2&#8243; offset=\u00bbvc_col-lg-3 vc_col-md-3&#8243;][corpboot_icon_text text=\u00bbCalidad humana en el servicio a todo momento.\u00bb title=\u00bbCALIDAD\u00bb icon=\u00bbfa fa-user\u00bb][\/vc_column][\/vc_row][vc_row full_width=\u00bbstretch_row\u00bb large_desctop_pt=\u00bbpadding-lg-60t\u00bb large_desctop_pb=\u00bbpadding-lg-60b\u00bb desctop_pt=\u00bbpadding-md-60t\u00bb desctop_pb=\u00bbpadding-md-60b\u00bb tablets_pt=\u00bbpadding-sm-60t\u00bb tablets_pb=\u00bbpadding-sm-60b\u00bb mobile_pt=\u00bbpadding-xs-60t\u00bb mobile_pb=\u00bbpadding-xs-60b\u00bb][vc_column 0=\u00bb\u00bb][corpboot_title_block title_align=\u00bbtitle-r\u00bb title=\u00bbPRINCIPALES CLIENTES\u00bb][vc_images_carousel images=\u00bb671,672,673,674,675,676,678,679,680,681,682,683,684,685,687,688,689,690,691,692,694,695,658,696,1109&#8243; img_size=\u00bb1150&#215;180&#8243; onclick=\u00bblink_no\u00bb speed=\u00bb3000&#8243; slides_per_view=\u00bb4&#8243; autoplay=\u00bbyes\u00bb hide_pagination_control=\u00bbyes\u00bb wrap=\u00bbyes\u00bb][\/vc_column][vc_column][corpboot_title_block title=\u00bbNUESTROS ALIADOS\u00bb][corpboot_clients autoplay=\u00bbyes\u00bb speed=\u00bb3000&#8243; slides=\u00bb6&#8243; items=\u00bb%5B%7B%22image%22%3A%22550%22%7D%2C%7B%22image%22%3A%22553%22%7D%2C%7B%22image%22%3A%22554%22%7D%2C%7B%22image%22%3A%22555%22%7D%2C%7B%22image%22%3A%22556%22%7D%2C%7B%7D%2C%7B%22image%22%3A%22558%22%7D%2C%7B%22image%22%3A%22645%22%7D%5D\u00bb][\/vc_column][\/vc_row][vc_column][\/vc_column]<\/p>\n<\/section>","protected":false},"excerpt":{"rendered":"<p>[vc_row full_width=\u00bbstretch_row_content_no_spaces\u00bb][vc_column][corpboot_content_slider style_slider=\u00bbmodern\u00bb][corpboot_content_slider_item style_sliders=\u00bbmodern\u00bb subtitle=\u00bbBIENVENIDO A\u00bb icon_type=\u00bbflaticon\u00bb icon_flaticon=\u00bb\u00bb image=\u00bb858&#8243; title=\u00bbForefront Medica M\u00e9xico\u00ab]Empresa l\u00edder en mercado de servicios integrales y neuroquir\u00fargicos a nivel nacional[\/corpboot_content_slider_item][corpboot_content_slider_item style_sliders=\u00bbmodern\u00bb subtitle=\u00bbContamos con la certificaci\u00f3n ISO 9001:2015&#8243; image=\u00bb1125&#8243; button=\u00bburl:http%3A%2F%2Fffmm.com.mx%2Fforefront%2Fcertificacion|title:Certificaci%C3%B3n||\u00bb&#8230;<\/p>\n","protected":false},"author":5,"featured_media":0,"parent":0,"menu_order":0,"comment_status":"closed","ping_status":"closed","template":"","meta":[],"_links":{"self":[{"href":"http:\/\/ffmm.com.mx\/forefront\/wp-json\/wp\/v2\/pages\/267"}],"collection":[{"href":"http:\/\/ffmm.com.mx\/forefront\/wp-json\/wp\/v2\/pages"}],"about":[{"href":"http:\/\/ffmm.com.mx\/forefront\/wp-json\/wp\/v2\/types\/page"}],"author":[{"embeddable":true,"href":"http:\/\/ffmm.com.mx\/forefront\/wp-json\/wp\/v2\/users\/5"}],"replies":[{"embeddable":true,"href":"http:\/\/ffmm.com.mx\/forefront\/wp-json\/wp\/v2\/comments?post=267"}],"version-history":[{"count":58,"href":"http:\/\/ffmm.com.mx\/forefront\/wp-json\/wp\/v2\/pages\/267\/revisions"}],"predecessor-version":[{"id":1126,"href":"http:\/\/ffmm.com.mx\/forefront\/wp-json\/wp\/v2\/pages\/267\/revisions\/1126"}],"wp:attachment":[{"href":"http:\/\/ffmm.com.mx\/forefront\/wp-json\/wp\/v2\/media?parent=267"}],"curies":[{"name":"wp","href":"https:\/\/api.w.org\/{rel}","templated":true}]}}