{"id":610,"date":"2018-02-02T15:23:06","date_gmt":"2018-02-02T23:23:06","guid":{"rendered":"http:\/\/ffmm.com.mx\/forefront\/?page_id=610"},"modified":"2025-07-22T09:58:33","modified_gmt":"2025-07-22T17:58:33","slug":"mision-vision","status":"publish","type":"page","link":"http:\/\/ffmm.com.mx\/forefront\/mision-vision","title":{"rendered":"Mision-Vision"},"content":{"rendered":"<section class=\"wpb-content-wrapper\"><p>[vc_row][vc_column][vc_empty_space height=\u00bb150px\u00bb][\/vc_column][\/vc_row][vc_row][vc_column][vc_column_text]<\/p>\n<h1><strong>MISI\u00d3N<\/strong><\/h1>\n<p>[\/vc_column_text][\/vc_column][\/vc_row][vc_row][vc_column][vc_column_text]Integramos asistencia y tecnolog\u00eda \u00e9ticamente para la praxis quir\u00fargica, restableciendo la salud del paciente[\/vc_column_text][vc_separator][\/vc_column][\/vc_row][vc_row][vc_column][vc_column_text]<\/p>\n<h1><strong>VISI\u00d3N<\/strong><\/h1>\n<p>[\/vc_column_text][\/vc_column][\/vc_row][vc_row][vc_column][vc_column_text]Innovaci\u00f3n en servicios quir\u00fargicos de alta especialidad, integrado por un equipo multidisciplinario con sentido humano.[\/vc_column_text][\/vc_column][\/vc_row][vc_row][vc_column][vc_separator][\/vc_column][\/vc_row][vc_row][vc_column][vc_column_text]<\/p>\n<h1>VALORES<\/h1>\n<p>[\/vc_column_text][\/vc_column][\/vc_row][vc_row][vc_column][vc_column_text]<\/p>\n<ul>\n<li><span style=\"color: #000080;\"><strong>\u00c9tica<\/strong><\/span>: <span style=\"font-family: arial narrow, sans-serif;\">Es el fundamento moral para actuar con integridad en el ejercicio profesional.<\/span><\/li>\n<li><span style=\"color: #000080;\"><strong>Profesionalismo<\/strong><\/span>: <span style=\"font-family: 'arial narrow', sans-serif;\">Compromiso permanente en nuestra vocaci\u00f3n.<\/span><span style=\"font-family: arial narrow, sans-serif;\">.<\/span><\/li>\n<li><span style=\"color: #000080;\"><strong>Humanismo<\/strong><\/span>: <span style=\"font-family: arial narrow, sans-serif;\">Naturaleza humana que valora la dignidad y reconoce a las personas por su labor y contribuci\u00f3n.<\/span><\/li>\n<li><span style=\"color: #000080;\"><strong>Diversidad<\/strong><\/span>: <span style=\"font-family: arial narrow, sans-serif;\"> Diferencias de las personas dentro de un grupo que enriquecen nuestra labor y fortalecen la innovaci\u00f3n.<\/span><\/li>\n<li><span style=\"color: #000080;\"><strong>Servicio<\/strong><\/span>: <span style=\"font-family: arial narrow, sans-serif;\">Disposici\u00f3n genuina para satisfacer la necesidad del cliente con calidad y calidez.<\/span><\/li>\n<\/ul>\n<p>[\/vc_column_text][\/vc_column][\/vc_row]<\/p>\n<\/section>","protected":false},"excerpt":{"rendered":"<p>[vc_row][vc_column][vc_empty_space height=\u00bb150px\u00bb][\/vc_column][\/vc_row][vc_row][vc_column][vc_column_text] MISI\u00d3N [\/vc_column_text][\/vc_column][\/vc_row][vc_row][vc_column][vc_column_text]Integramos asistencia y tecnolog\u00eda \u00e9ticamente para la praxis quir\u00fargica, restableciendo la salud del paciente[\/vc_column_text][vc_separator][\/vc_column][\/vc_row][vc_row][vc_column][vc_column_text] VISI\u00d3N [\/vc_column_text][\/vc_column][\/vc_row][vc_row][vc_column][vc_column_text]Innovaci\u00f3n en servicios quir\u00fargicos de alta especialidad, integrado por un equipo multidisciplinario con sentido&#8230;<\/p>\n","protected":false},"author":6,"featured_media":0,"parent":0,"menu_order":0,"comment_status":"closed","ping_status":"closed","template":"","meta":[],"_links":{"self":[{"href":"http:\/\/ffmm.com.mx\/forefront\/wp-json\/wp\/v2\/pages\/610"}],"collection":[{"href":"http:\/\/ffmm.com.mx\/forefront\/wp-json\/wp\/v2\/pages"}],"about":[{"href":"http:\/\/ffmm.com.mx\/forefront\/wp-json\/wp\/v2\/types\/page"}],"author":[{"embeddable":true,"href":"http:\/\/ffmm.com.mx\/forefront\/wp-json\/wp\/v2\/users\/6"}],"replies":[{"embeddable":true,"href":"http:\/\/ffmm.com.mx\/forefront\/wp-json\/wp\/v2\/comments?post=610"}],"version-history":[{"count":13,"href":"http:\/\/ffmm.com.mx\/forefront\/wp-json\/wp\/v2\/pages\/610\/revisions"}],"predecessor-version":[{"id":1130,"href":"http:\/\/ffmm.com.mx\/forefront\/wp-json\/wp\/v2\/pages\/610\/revisions\/1130"}],"wp:attachment":[{"href":"http:\/\/ffmm.com.mx\/forefront\/wp-json\/wp\/v2\/media?parent=610"}],"curies":[{"name":"wp","href":"https:\/\/api.w.org\/{rel}","templated":true}]}}