{"id":729,"date":"2018-02-17T09:54:38","date_gmt":"2018-02-17T17:54:38","guid":{"rendered":"http:\/\/ffmm.com.mx\/forefront\/?page_id=729"},"modified":"2023-08-04T08:56:18","modified_gmt":"2023-08-04T16:56:18","slug":"especialidades","status":"publish","type":"page","link":"http:\/\/ffmm.com.mx\/forefront\/especialidades","title":{"rendered":"Especialidades"},"content":{"rendered":"<section class=\"wpb-content-wrapper\"><p>[vc_row 0=\u00bb\u00bb][vc_column 0=\u00bb\u00bb][vc_empty_space height=\u00bb150px\u00bb][\/vc_column][\/vc_row][vc_row 0=\u00bb\u00bb][vc_column 0=\u00bb\u00bb][vc_column_text 0=\u00bb\u00bb]<\/p>\n<h2 style=\"text-align: center;\">CONTAMOS CON EQUIPOS DE \u00daLTIMA GENERACI\u00d3N PARA CUBRIR LAS NECESIDADES EN CUANTO A NEUROCIRUGIAS<\/h2>\n<p>[\/vc_column_text][vc_separator 0=\u00bb\u00bb][\/vc_column][\/vc_row][vc_row 0=\u00bb\u00bb][vc_column css_animation=\u00bbfadeInDown\u00bb width=\u00bb1\/4&#8243;][vc_single_image image=\u00bb922&#8243; img_size=\u00bbfull\u00bb alignment=\u00bbcenter\u00bb style=\u00bbvc_box_rounded\u00bb css_animation=\u00bbfadeInDown\u00bb][vc_column_text css_animation=\u00bbfadeInDown\u00bb]<\/p>\n<h3 style=\"text-align: center;\">Cirug\u00eda de Columna<\/h3>\n<p>[\/vc_column_text][\/vc_column][vc_column css_animation=\u00bbfadeInDown\u00bb width=\u00bb1\/4&#8243;][vc_single_image image=\u00bb924&#8243; img_size=\u00bbfull\u00bb css_animation=\u00bbfadeInDown\u00bb][vc_column_text css_animation=\u00bbfadeInDown\u00bb]<\/p>\n<h3 style=\"text-align: center;\"><strong>Cirug\u00eda Maxilofacial<\/strong><\/h3>\n<p>[\/vc_column_text][\/vc_column][vc_column css_animation=\u00bbfadeInDown\u00bb width=\u00bb1\/4&#8243;][vc_single_image image=\u00bb923&#8243; img_size=\u00bbfull\u00bb css_animation=\u00bbfadeInDown\u00bb][vc_column_text css_animation=\u00bbfadeInDown\u00bb]<\/p>\n<h3 style=\"text-align: center;\">Cirug\u00eda Pedi\u00e1trica<\/h3>\n<p>[\/vc_column_text][\/vc_column][vc_column css_animation=\u00bbfadeInDown\u00bb width=\u00bb1\/4&#8243;][vc_single_image image=\u00bb925&#8243; img_size=\u00bbfull\u00bb css_animation=\u00bbfadeInDown\u00bb][vc_column_text css_animation=\u00bbfadeInDown\u00bb]<\/p>\n<h3 style=\"text-align: center;\">Cirug\u00eda Lumbar<\/h3>\n<p>[\/vc_column_text][\/vc_column][\/vc_row][vc_row 0=\u00bb\u00bb][vc_column width=\u00bb1\/4&#8243;][\/vc_column][vc_column width=\u00bb1\/4&#8243;][vc_single_image image=\u00bb929&#8243; img_size=\u00bbfull\u00bb css_animation=\u00bbfadeInDown\u00bb][vc_column_text css_animation=\u00bbfadeInDown\u00bb]<\/p>\n<h3 style=\"text-align: center;\">Cirug\u00eda C\u00e9rvical<\/h3>\n<p>[\/vc_column_text][\/vc_column][vc_column width=\u00bb1\/4&#8243;][vc_single_image image=\u00bb928&#8243; img_size=\u00bbfull\u00bb css_animation=\u00bbfadeInDown\u00bb][vc_column_text css_animation=\u00bbfadeInDown\u00bb]<\/p>\n<h3 style=\"text-align: center;\">Cirug\u00eda Base de Cr\u00e1neo<\/h3>\n<p>[\/vc_column_text][\/vc_column][vc_column width=\u00bb1\/4&#8243;][\/vc_column][\/vc_row][vc_row 0=\u00bb\u00bb][vc_column 0=\u00bb\u00bb][vc_column_text 0=\u00bb\u00bb]<\/p>\n<h2 style=\"text-align: center;\"><strong>Y con una gama de sistemas trasoperatorios:<\/strong><\/h2>\n<p>[\/vc_column_text][\/vc_column][\/vc_row][vc_row 0=\u00bb\u00bb][vc_column 0=\u00bb\u00bb][vc_column_text 0=\u00bb\u00bb]<\/p>\n<h2>CORPORECTOMIA<\/h2>\n<p align=\"justify\"><span style=\"font-family: Arial, sans-serif;\"><span style=\"font-size: medium;\">Procedimiento quir\u00fargico para extraer un cuerpo vertebral, por lo general para descomprimir la m\u00e9dula espinal. Un injerto de hueso se inserta en el espacio para permitir la fusi\u00f3n de los segmentos de hueso en un hueso largo<img loading=\"lazy\" class=\"aligncenter wp-image-898\" src=\"http:\/\/ffmm.com.mx\/forefront\/wp-content\/uploads\/2018\/03\/image022.jpg\" alt=\"\" width=\"198\" height=\"198\" \/><\/span><\/span><\/p>\n<h2>ESPACIADORES LUMBARES<\/h2>\n<ul>\n<li><span style=\"font-family: Arial, sans-serif;\"><span style=\"font-size: medium;\">Colocaci\u00f3n m\u00ednima invasiva reduce y facilita tanto el tiempo operatorio como minimiza la morbilidad de la operaci\u00f3n.<\/span><\/span><\/li>\n<li><span style=\"font-family: Arial, sans-serif;\"><span style=\"font-size: medium;\">Se presentan en Peek optima, pol\u00edmero con probadas cualidades de biocompatibilidad.<\/span><\/span><\/li>\n<li><span style=\"font-family: Arial, sans-serif;\"><span style=\"font-size: medium;\">Diversidad de tama\u00f1os aseguran la adaptaci\u00f3n a la necesidad de cada paciente.<\/span><\/span><\/li>\n<li><span style=\"font-family: Arial, sans-serif;\"><span style=\"font-size: medium;\">Su dise\u00f1o permite una distracci\u00f3n din\u00e1mica y flexible del raquis posterior, disminuyendo las complicaciones y posibles roturas de las espinosas como se ve con otros sistemas que requieren un fuerte amarre o la introducci\u00f3n de tornillos de fijaci\u00f3n en las mismas.<img loading=\"lazy\" class=\"aligncenter wp-image-895\" src=\"http:\/\/ffmm.com.mx\/forefront\/wp-content\/uploads\/2018\/03\/7511ce1a-991c-4ff8-b813-7d7586415c0c.jpg\" alt=\"\" width=\"257\" height=\"257\" srcset=\"http:\/\/ffmm.com.mx\/forefront\/wp-content\/uploads\/2018\/03\/7511ce1a-991c-4ff8-b813-7d7586415c0c.jpg 187w, http:\/\/ffmm.com.mx\/forefront\/wp-content\/uploads\/2018\/03\/7511ce1a-991c-4ff8-b813-7d7586415c0c-150x150.jpg 150w\" sizes=\"(max-width: 257px) 100vw, 257px\" \/><\/span><\/span><\/li>\n<\/ul>\n<h2>SISTEMAS CERVICALES<\/h2>\n<p align=\"justify\"><span style=\"font-family: Arial, sans-serif;\"><span style=\"font-size: medium;\">Su funci\u00f3n es lograr la estabilidad de diferentes segmentos vertebrales a nivel cervical. En la configuraci\u00f3n con barras cuando se quiere otorgar una mayor estabilidad del montaje obtenido se pueden conectar entre s\u00ed por medio del puente de uni\u00f3n transversal, transformando de esta forma la estructura en la de un cuadrante.<img loading=\"lazy\" class=\"aligncenter wp-image-896\" src=\"http:\/\/ffmm.com.mx\/forefront\/wp-content\/uploads\/2018\/03\/image020.jpg\" alt=\"\" width=\"221\" height=\"221\" srcset=\"http:\/\/ffmm.com.mx\/forefront\/wp-content\/uploads\/2018\/03\/image020.jpg 165w, http:\/\/ffmm.com.mx\/forefront\/wp-content\/uploads\/2018\/03\/image020-150x150.jpg 150w\" sizes=\"(max-width: 221px) 100vw, 221px\" \/><\/span><\/span><\/p>\n<h2>SISTEMAS TRANSPEDICULARES<\/h2>\n<p align=\"justify\"><span style=\"font-family: Arial, sans-serif;\"><span style=\"font-size: medium;\">Una de las opciones disponibles para el tratamiento quir\u00fargico de la patolog\u00eda vertebral es la instrumentaci\u00f3n de la columna por v\u00eda transpedicular. En la actualidad, la cirug\u00eda de fusi\u00f3n vertebral por v\u00eda transpedicular representa la t\u00e9cnica de fijaci\u00f3n m\u00e1s com\u00fanmente utilizada para el tratamiento quir\u00fargico de las enfermedades vertebrales de \u00edndole degenerativo, vascular, infeccioso, metast\u00e1sico, cong\u00e9nito y traum\u00e1tico.<\/span><\/span><\/p>\n<p align=\"justify\"><span style=\"font-family: Arial, sans-serif;\"><span style=\"font-size: medium;\">El procedimiento consiste en la introducci\u00f3n de tornillos transpediculares a trav\u00e9s de un punto ubicado en la uni\u00f3n de la ap\u00f3fisis transversa con la ap\u00f3fisis articular superior, el cual atraviesa en su trayectoria al ped\u00edculo hasta alcanzar el cuerpo vertebral, proporcionando estabilidad y fijaci\u00f3n interna al segmento vertebral afectado.<img loading=\"lazy\" class=\"aligncenter wp-image-897\" src=\"http:\/\/ffmm.com.mx\/forefront\/wp-content\/uploads\/2018\/03\/image021.jpg\" alt=\"\" width=\"233\" height=\"187\" \/><\/span><\/span><\/p>\n<p>[\/vc_column_text][\/vc_column][\/vc_row][vc_row 0=\u00bb\u00bb][vc_column 0=\u00bb\u00bb][\/vc_column][\/vc_row]<\/p>\n<\/section>","protected":false},"excerpt":{"rendered":"<p>[vc_row 0=\u00bb\u00bb][vc_column 0=\u00bb\u00bb][vc_empty_space height=\u00bb150px\u00bb][\/vc_column][\/vc_row][vc_row 0=\u00bb\u00bb][vc_column 0=\u00bb\u00bb][vc_column_text 0=\u00bb\u00bb] CONTAMOS CON EQUIPOS DE \u00daLTIMA GENERACI\u00d3N PARA CUBRIR LAS NECESIDADES EN CUANTO A NEUROCIRUGIAS [\/vc_column_text][vc_separator 0=\u00bb\u00bb][\/vc_column][\/vc_row][vc_row 0=\u00bb\u00bb][vc_column css_animation=\u00bbfadeInDown\u00bb width=\u00bb1\/4&#8243;][vc_single_image image=\u00bb922&#8243; img_size=\u00bbfull\u00bb alignment=\u00bbcenter\u00bb style=\u00bbvc_box_rounded\u00bb css_animation=\u00bbfadeInDown\u00bb][vc_column_text css_animation=\u00bbfadeInDown\u00bb]&#8230;<\/p>\n","protected":false},"author":6,"featured_media":0,"parent":0,"menu_order":0,"comment_status":"closed","ping_status":"closed","template":"","meta":[],"_links":{"self":[{"href":"http:\/\/ffmm.com.mx\/forefront\/wp-json\/wp\/v2\/pages\/729"}],"collection":[{"href":"http:\/\/ffmm.com.mx\/forefront\/wp-json\/wp\/v2\/pages"}],"about":[{"href":"http:\/\/ffmm.com.mx\/forefront\/wp-json\/wp\/v2\/types\/page"}],"author":[{"embeddable":true,"href":"http:\/\/ffmm.com.mx\/forefront\/wp-json\/wp\/v2\/users\/6"}],"replies":[{"embeddable":true,"href":"http:\/\/ffmm.com.mx\/forefront\/wp-json\/wp\/v2\/comments?post=729"}],"version-history":[{"count":14,"href":"http:\/\/ffmm.com.mx\/forefront\/wp-json\/wp\/v2\/pages\/729\/revisions"}],"predecessor-version":[{"id":1108,"href":"http:\/\/ffmm.com.mx\/forefront\/wp-json\/wp\/v2\/pages\/729\/revisions\/1108"}],"wp:attachment":[{"href":"http:\/\/ffmm.com.mx\/forefront\/wp-json\/wp\/v2\/media?parent=729"}],"curies":[{"name":"wp","href":"https:\/\/api.w.org\/{rel}","templated":true}]}}