{"id":733,"date":"2018-02-17T09:59:23","date_gmt":"2018-02-17T17:59:23","guid":{"rendered":"http:\/\/ffmm.com.mx\/forefront\/?page_id=733"},"modified":"2018-02-17T10:01:44","modified_gmt":"2018-02-17T18:01:44","slug":"servicios","status":"publish","type":"page","link":"http:\/\/ffmm.com.mx\/forefront\/servicios","title":{"rendered":"Servicios"},"content":{"rendered":"<section class=\"wpb-content-wrapper\"><p>[vc_row][vc_column][vc_empty_space height=\u00bb150px\u00bb][\/vc_column][\/vc_row][vc_row][vc_column][vc_column_text]<strong>Forefront Medica M\u00e9xico<\/strong> comprometido con Usted, pone a su disposici\u00f3n la gran variedad de Insumos de alta especialidad M\u00e9dica, V\u00e1lvulas para Hidrocefalia, Material de Osteosintesis en Cirug\u00eda Craneofacial, Instrumental Medico, Quir\u00fargico y \u00a0Ortop\u00e9dico.<\/p>\n<div id=\"columns-wrapper\">Venta y renta de equipos medicos de alta especialidad como Aspirador Ultras\u00f3nico, Coagulador de Plasma en Fr\u00edo, Sistema de fresado Midas Rex, Neuronavegador Medtronic y Microsc\u00f3pio Quirurgico.<\/div>\n<div>.<\/div>\n<div><\/div>\n<p>Tenemos a su disposici\u00f3n el Sistema\u00a0<strong><em>Midas Rex Legend Gold\u00ae neum\u00e1tico y Midas Rex Legend EHS\u00ae el\u00e9ctrico<\/em>,<\/strong>\u00a0para instituciones p\u00fablicas y privadas as\u00ed como toda la gama de Instrumentos de disecci\u00f3n (fresas) para cirug\u00edas de:<\/p>\n<ul>\n<li>Neurocirug\u00eda.<\/li>\n<li>Columna Vertebral.<\/li>\n<li>Otorrinolaringolog\u00eda (ORL).<\/li>\n<li>Cirug\u00eda Ortop\u00e9dica.<\/li>\n<li>Cirug\u00eda General y Pl\u00e1stica, incluyendo Maxilofacial, Craneotom\u00eda, craneofacial y estereotom\u00eda.<\/li>\n<\/ul>\n<p>Contando con asistencia t\u00e9cnica especializada en procedimientos de Craneotom\u00edas y Cirug\u00edas de columna, as\u00ed como el respaldo de M\u00e9dicos Neurocirujanos de gran trayectoria que avalan nuestros productos.<\/p>\n<h3><strong>Contamos con env\u00edos a todo el interior del pa\u00eds con la responsabilidad de que su envi\u00f3 llegara en tiempo y forma.<\/strong><\/h3>\n<p>[\/vc_column_text][\/vc_column][\/vc_row]<\/p>\n<\/section>","protected":false},"excerpt":{"rendered":"<p>[vc_row][vc_column][vc_empty_space height=\u00bb150px\u00bb][\/vc_column][\/vc_row][vc_row][vc_column][vc_column_text]Forefront Medica M\u00e9xico comprometido con Usted, pone a su disposici\u00f3n la gran variedad de Insumos de alta especialidad M\u00e9dica, V\u00e1lvulas para Hidrocefalia, Material de Osteosintesis en Cirug\u00eda Craneofacial, Instrumental Medico, Quir\u00fargico&#8230;<\/p>\n","protected":false},"author":6,"featured_media":0,"parent":0,"menu_order":0,"comment_status":"closed","ping_status":"closed","template":"","meta":[],"_links":{"self":[{"href":"http:\/\/ffmm.com.mx\/forefront\/wp-json\/wp\/v2\/pages\/733"}],"collection":[{"href":"http:\/\/ffmm.com.mx\/forefront\/wp-json\/wp\/v2\/pages"}],"about":[{"href":"http:\/\/ffmm.com.mx\/forefront\/wp-json\/wp\/v2\/types\/page"}],"author":[{"embeddable":true,"href":"http:\/\/ffmm.com.mx\/forefront\/wp-json\/wp\/v2\/users\/6"}],"replies":[{"embeddable":true,"href":"http:\/\/ffmm.com.mx\/forefront\/wp-json\/wp\/v2\/comments?post=733"}],"version-history":[{"count":2,"href":"http:\/\/ffmm.com.mx\/forefront\/wp-json\/wp\/v2\/pages\/733\/revisions"}],"predecessor-version":[{"id":738,"href":"http:\/\/ffmm.com.mx\/forefront\/wp-json\/wp\/v2\/pages\/733\/revisions\/738"}],"wp:attachment":[{"href":"http:\/\/ffmm.com.mx\/forefront\/wp-json\/wp\/v2\/media?parent=733"}],"curies":[{"name":"wp","href":"https:\/\/api.w.org\/{rel}","templated":true}]}}